{"id":9,"date":"2022-08-05T21:39:28","date_gmt":"2022-08-05T21:39:28","guid":{"rendered":"https:\/\/cleanfine.de\/?page_id=9"},"modified":"2026-01-19T18:23:51","modified_gmt":"2026-01-19T18:23:51","slug":"ueber-uns","status":"publish","type":"page","link":"https:\/\/cleanfine.de\/index.php\/ueber-uns\/","title":{"rendered":"\u00dcber uns"},"content":{"rendered":"<h2><\/h2>\n<h2>\u00dcber Uns<\/h2>\n<p><img fetchpriority=\"high\" decoding=\"async\" class=\"\" title=\"304875860_771150077546358_3129767840695281898_n\" src=\"https:\/\/cleanfine.de\/wp-content\/uploads\/elementor\/thumbs\/304875860_771150077546358_3129767840695281898_n-pua6pn78kambxz0jxg9hybfglwq0xmoqu9emr9v4zk.jpg\" alt=\"304875860_771150077546358_3129767840695281898_n\" width=\"396\" height=\"396\" \/><\/p>\n<p style=\"font-weight: 400;\">Uns geh\u00f6rt die Reinigungsfirma:-) : \u00a0 Wir hei\u00dfen Anja und Timo Domhardt und wohnen in einem Ortsteil von Neustadt bei Coburg. Wir haben eine Tochter im Alter von 15 Jahren, sowie viele Tiere. Man kann schon sagen, dass wir einen kleinen \u201eZoo\u201c besitzen.<\/p>\n<p style=\"font-weight: 400;\">Es besteht eine lange Berufserfahrung.<\/p>\n<p>Wir haben ein kleines, aber total liebes und super Team. Wir sind p\u00fcnktlich, arbeiten sorgf\u00e4ltig und freuen uns immer \u00fcber gl\u00fcckliche und zufriedene Kunden.<\/p>\n","protected":false},"excerpt":{"rendered":"<p>\u00dcber Uns Uns geh\u00f6rt die Reinigungsfirma:-) : \u00a0 Wir hei\u00dfen Anja und Timo Domhardt und wohnen in einem Ortsteil von Neustadt bei Coburg. Wir haben eine Tochter im Alter von 15 Jahren, sowie viele Tiere. Man kann schon sagen, dass wir einen kleinen \u201eZoo\u201c besitzen. Es besteht eine lange Berufserfahrung. Wir haben ein kleines, aber&hellip;<\/p>\n","protected":false},"author":1,"featured_media":0,"parent":0,"menu_order":0,"comment_status":"closed","ping_status":"closed","template":"","meta":{"footnotes":""},"class_list":["post-9","page","type-page","status-publish","hentry"],"_links":{"self":[{"href":"https:\/\/cleanfine.de\/index.php\/wp-json\/wp\/v2\/pages\/9","targetHints":{"allow":["GET"]}}],"collection":[{"href":"https:\/\/cleanfine.de\/index.php\/wp-json\/wp\/v2\/pages"}],"about":[{"href":"https:\/\/cleanfine.de\/index.php\/wp-json\/wp\/v2\/types\/page"}],"author":[{"embeddable":true,"href":"https:\/\/cleanfine.de\/index.php\/wp-json\/wp\/v2\/users\/1"}],"replies":[{"embeddable":true,"href":"https:\/\/cleanfine.de\/index.php\/wp-json\/wp\/v2\/comments?post=9"}],"version-history":[{"count":30,"href":"https:\/\/cleanfine.de\/index.php\/wp-json\/wp\/v2\/pages\/9\/revisions"}],"predecessor-version":[{"id":1850,"href":"https:\/\/cleanfine.de\/index.php\/wp-json\/wp\/v2\/pages\/9\/revisions\/1850"}],"wp:attachment":[{"href":"https:\/\/cleanfine.de\/index.php\/wp-json\/wp\/v2\/media?parent=9"}],"curies":[{"name":"wp","href":"https:\/\/api.w.org\/{rel}","templated":true}]}}