{"id":7,"date":"2022-08-05T21:39:13","date_gmt":"2022-08-05T21:39:13","guid":{"rendered":"https:\/\/cleanfine.de\/?page_id=7"},"modified":"2026-02-22T15:36:44","modified_gmt":"2026-02-22T15:36:44","slug":"jobs","status":"publish","type":"page","link":"https:\/\/cleanfine.de\/index.php\/jobs\/","title":{"rendered":"Jobb\u00f6rse"},"content":{"rendered":"\t\t<div data-elementor-type=\"wp-page\" data-elementor-id=\"7\" class=\"elementor elementor-7\">\n\t\t\t\t\t\t<section class=\"elementor-section elementor-top-section elementor-element elementor-element-30b60749 elementor-section-stretched elementor-section-boxed elementor-section-height-default elementor-section-height-default\" data-id=\"30b60749\" data-element_type=\"section\" data-e-type=\"section\" data-settings=\"{&quot;background_background&quot;:&quot;gradient&quot;,&quot;shape_divider_bottom&quot;:&quot;mountains&quot;,&quot;stretch_section&quot;:&quot;section-stretched&quot;,&quot;animation&quot;:&quot;none&quot;}\">\n\t\t\t\t\t<div class=\"elementor-shape elementor-shape-bottom\" aria-hidden=\"true\" data-negative=\"false\">\n\t\t\t<svg xmlns=\"http:\/\/www.w3.org\/2000\/svg\" viewBox=\"0 0 1000 100\" preserveAspectRatio=\"none\">\n\t<path class=\"elementor-shape-fill\" opacity=\"0.33\" d=\"M473,67.3c-203.9,88.3-263.1-34-320.3,0C66,119.1,0,59.7,0,59.7V0h1000v59.7 c0,0-62.1,26.1-94.9,29.3c-32.8,3.3-62.8-12.3-75.8-22.1C806,49.6,745.3,8.7,694.9,4.7S492.4,59,473,67.3z\"\/>\n\t<path class=\"elementor-shape-fill\" opacity=\"0.66\" d=\"M734,67.3c-45.5,0-77.2-23.2-129.1-39.1c-28.6-8.7-150.3-10.1-254,39.1 s-91.7-34.4-149.2,0C115.7,118.3,0,39.8,0,39.8V0h1000v36.5c0,0-28.2-18.5-92.1-18.5C810.2,18.1,775.7,67.3,734,67.3z\"\/>\n\t<path class=\"elementor-shape-fill\" d=\"M766.1,28.9c-200-57.5-266,65.5-395.1,19.5C242,1.8,242,5.4,184.8,20.6C128,35.8,132.3,44.9,89.9,52.5C28.6,63.7,0,0,0,0 h1000c0,0-9.9,40.9-83.6,48.1S829.6,47,766.1,28.9z\"\/>\n<\/svg>\t\t<\/div>\n\t\t\t\t\t<div class=\"elementor-container elementor-column-gap-extended\">\n\t\t\t\t\t<div class=\"elementor-column elementor-col-100 elementor-top-column elementor-element elementor-element-6d348956\" data-id=\"6d348956\" data-element_type=\"column\" data-e-type=\"column\">\n\t\t\t<div class=\"elementor-widget-wrap elementor-element-populated\">\n\t\t\t\t\t\t<section class=\"elementor-section elementor-inner-section elementor-element elementor-element-2f92f355 elementor-section-boxed elementor-section-height-default elementor-section-height-default\" data-id=\"2f92f355\" data-element_type=\"section\" data-e-type=\"section\">\n\t\t\t\t\t\t<div class=\"elementor-container elementor-column-gap-default\">\n\t\t\t\t\t<div class=\"elementor-column elementor-col-50 elementor-inner-column elementor-element elementor-element-294ad2b7\" data-id=\"294ad2b7\" data-element_type=\"column\" data-e-type=\"column\">\n\t\t\t<div class=\"elementor-widget-wrap elementor-element-populated\">\n\t\t\t\t\t\t<div class=\"elementor-element elementor-element-94d457a elementor-widget elementor-widget-image\" data-id=\"94d457a\" data-element_type=\"widget\" data-e-type=\"widget\" data-widget_type=\"image.default\">\n\t\t\t\t<div class=\"elementor-widget-container\">\n\t\t\t\t\t\t\t\t\t\t\t\t\t\t\t<img decoding=\"async\" width=\"300\" height=\"132\" src=\"https:\/\/cleanfine.de\/wp-content\/uploads\/2022\/08\/279099833_442072494348610_2963872825118143802_n-removebg-preview-300x132.png\" class=\"attachment-medium size-medium wp-image-221\" alt=\"\" srcset=\"https:\/\/cleanfine.de\/wp-content\/uploads\/2022\/08\/279099833_442072494348610_2963872825118143802_n-removebg-preview-300x132.png 300w, https:\/\/cleanfine.de\/wp-content\/uploads\/2022\/08\/279099833_442072494348610_2963872825118143802_n-removebg-preview.png 753w\" sizes=\"(max-width: 300px) 100vw, 300px\" \/>\t\t\t\t\t\t\t\t\t\t\t\t\t\t\t<\/div>\n\t\t\t\t<\/div>\n\t\t\t\t<div class=\"elementor-element elementor-element-412ed3a0 elementor-widget elementor-widget-heading\" data-id=\"412ed3a0\" data-element_type=\"widget\" data-e-type=\"widget\" data-widget_type=\"heading.default\">\n\t\t\t\t<div class=\"elementor-widget-container\">\n\t\t\t\t\t<h2 class=\"elementor-heading-title elementor-size-default\">Online Bewerben <\/h2>\t\t\t\t<\/div>\n\t\t\t\t<\/div>\n\t\t\t\t<div class=\"elementor-element elementor-element-5990309b elementor-widget elementor-widget-text-editor\" data-id=\"5990309b\" data-element_type=\"widget\" data-e-type=\"widget\" data-widget_type=\"text-editor.default\">\n\t\t\t\t<div class=\"elementor-widget-container\">\n\t\t\t\t\t\t\t\t\t<p>****FREIE STELLEN****<\/p><ul><li>Reinigungskraft auf Minijob-Basis\u00a0<\/li><li>Reinigungskraft in Teilzeit\u00a0<\/li><\/ul><p>\u00a0<\/p><p>Bewerben Sie sich direkt bei uns Online. Das geht ganz einfach in nur 3 Schritten:\u00a0<\/p><div>1 F\u00fcllen Sie hier alle wichtigen Angaben aus<\/div><div>2 Laden Sie alle Bewerbungsunterlagen hoch, z.\u00a0B. Lebenslauf, Zeugnis<\/div><div>3 Versenden Sie Ihre Bewerbung.<\/div>\t\t\t\t\t\t\t\t<\/div>\n\t\t\t\t<\/div>\n\t\t\t\t<div class=\"elementor-element elementor-element-d38028b elementor-widget elementor-widget-image\" data-id=\"d38028b\" data-element_type=\"widget\" data-e-type=\"widget\" data-widget_type=\"image.default\">\n\t\t\t\t<div class=\"elementor-widget-container\">\n\t\t\t\t\t\t\t\t\t\t\t\t\t\t\t<img fetchpriority=\"high\" decoding=\"async\" width=\"426\" height=\"606\" src=\"https:\/\/cleanfine.de\/wp-content\/uploads\/2022\/08\/pngwing.com_.png\" class=\"attachment-full size-full wp-image-555\" alt=\"\" srcset=\"https:\/\/cleanfine.de\/wp-content\/uploads\/2022\/08\/pngwing.com_.png 426w, https:\/\/cleanfine.de\/wp-content\/uploads\/2022\/08\/pngwing.com_-211x300.png 211w\" sizes=\"(max-width: 426px) 100vw, 426px\" \/>\t\t\t\t\t\t\t\t\t\t\t\t\t\t\t<\/div>\n\t\t\t\t<\/div>\n\t\t\t\t\t<\/div>\n\t\t<\/div>\n\t\t\t\t<div class=\"elementor-column elementor-col-50 elementor-inner-column elementor-element elementor-element-5f0ce305\" data-id=\"5f0ce305\" data-element_type=\"column\" data-e-type=\"column\" data-settings=\"{&quot;background_background&quot;:&quot;classic&quot;}\">\n\t\t\t<div class=\"elementor-widget-wrap elementor-element-populated\">\n\t\t\t\t\t\t<div class=\"elementor-element elementor-element-d999e5c elementor-widget elementor-widget-shortcode\" data-id=\"d999e5c\" data-element_type=\"widget\" data-e-type=\"widget\" data-widget_type=\"shortcode.default\">\n\t\t\t\t<div class=\"elementor-widget-container\">\n\t\t\t\t\t\t\t<div class=\"elementor-shortcode\"><div class=\"forminator-ui forminator-custom-form forminator-custom-form-921 forminator-design--material  forminator_ajax\" data-forminator-render=\"0\" data-form=\"forminator-module-921\" data-uid=\"69dda777c76b1\"><br\/><\/div><form\n\t\t\t\tid=\"forminator-module-921\"\n\t\t\t\tclass=\"forminator-ui forminator-custom-form forminator-custom-form-921 forminator-design--material  forminator_ajax\"\n\t\t\t\tmethod=\"post\"\n\t\t\t\tdata-forminator-render=\"0\"\n\t\t\t\tdata-form-id=\"921\"\n\t\t\t\tenctype=\"multipart\/form-data\" data-color-option=\"default\" data-design=\"material\" data-grid=\"open\" style=\"display: none;\"\n\t\t\t\tdata-uid=\"69dda777c76b1\"\n\t\t\t><div role=\"alert\" aria-live=\"polite\" class=\"forminator-response-message forminator-error\" aria-hidden=\"true\"><\/div><div class=\"forminator-row\"><div id=\"name-2\" class=\"forminator-field-name forminator-col forminator-col-6 \"><div class=\"forminator-field\"><label for=\"forminator-field-name-2_69dda777c76b1\" id=\"forminator-field-name-2_69dda777c76b1-label\" class=\"forminator-label\">Nachname <span class=\"forminator-required\">*<\/span><\/label><input type=\"text\" name=\"name-2\" value=\"\" placeholder=\"Nachname\" id=\"forminator-field-name-2_69dda777c76b1\" class=\"forminator-input forminator-name--field\" aria-required=\"true\" autocomplete=\"name\" \/><\/div><\/div><div id=\"name-1\" class=\"forminator-field-name forminator-col forminator-col-6 \"><div class=\"forminator-field\"><label for=\"forminator-field-name-1_69dda777c76b1\" id=\"forminator-field-name-1_69dda777c76b1-label\" class=\"forminator-label\">Vorname <span class=\"forminator-required\">*<\/span><\/label><input type=\"text\" name=\"name-1\" value=\"\" placeholder=\"Vorname\" id=\"forminator-field-name-1_69dda777c76b1\" class=\"forminator-input forminator-name--field\" aria-required=\"true\" autocomplete=\"name\" \/><\/div><\/div><\/div><div class=\"forminator-row\"><div id=\"email-1\" class=\"forminator-field-email forminator-col forminator-col-12 \"><div class=\"forminator-field\"><label for=\"forminator-field-email-1_69dda777c76b1\" id=\"forminator-field-email-1_69dda777c76b1-label\" class=\"forminator-label\">E-Mail-Adresse <span class=\"forminator-required\">*<\/span><\/label><input type=\"email\" name=\"email-1\" value=\"\" placeholder=\"\" id=\"forminator-field-email-1_69dda777c76b1\" class=\"forminator-input forminator-email--field\" data-required=\"true\" aria-required=\"true\" autocomplete=\"email\" \/><\/div><\/div><\/div><div class=\"forminator-row\"><div id=\"phone-1\" class=\"forminator-field-phone forminator-col forminator-col-12 \"><div class=\"forminator-field\"><label for=\"forminator-field-phone-1_69dda777c76b1\" id=\"forminator-field-phone-1_69dda777c76b1-label\" class=\"forminator-label\">R\u00fcckrufnummer<\/label><input type=\"text\" name=\"phone-1\" value=\"\" placeholder=\"\" id=\"forminator-field-phone-1_69dda777c76b1\" class=\"forminator-input forminator-field--phone\" data-required=\"\" aria-required=\"false\" autocomplete=\"off\" \/><\/div><\/div><\/div><div class=\"forminator-row\"><div id=\"textarea-1\" class=\"forminator-field-textarea forminator-col forminator-col-12 \"><div class=\"forminator-field\"><label for=\"forminator-field-textarea-1_69dda777c76b1\" id=\"forminator-field-textarea-1_69dda777c76b1-label\" class=\"forminator-label\">Nachricht an uns<\/label><textarea name=\"textarea-1\" placeholder=\"\" id=\"forminator-field-textarea-1_69dda777c76b1\" class=\"forminator-textarea\" rows=\"6\" style=\"min-height:140px;\" maxlength=\"180\" ><\/textarea><span id=\"forminator-field-textarea-1_69dda777c76b1-description\" class=\"forminator-description\"><span data-limit=\"180\" data-type=\"characters\" data-editor=\"\">0 \/ 180<\/span><\/span><\/div><\/div><\/div><div class=\"forminator-row\"><div id=\"upload-1\" class=\"forminator-field-upload forminator-col forminator-col-12 \"><div class=\"forminator-field\"><label for=\"forminator-field-upload-1_69dda777c76b1\" id=\"forminator-field-upload-1_69dda777c76b1-label\" class=\"forminator-label\">Bewerbung Hochladen<\/label><div class=\"forminator-multi-upload \" data-element=\"upload-1_69dda777c76b1\"><input type=\"file\" name=\"upload-1[]\" id=\"forminator-field-upload-1_69dda777c76b1\" class=\"forminator-input-file forminator-field-upload-1_69dda777c76b1-921\" multiple=\"multiple\" data-method=\"ajax\" accept=\".webp,.doc,.jpg,.jpeg,.jpe,.pdf\" data-limit=\"15\" data-limit-message=\"Du kannst h\u00f6chstens 15 Dateien hochladen.\" data-size=\"8000000\" data-size-message=\"Die maximale Dateigr\u00f6\u00dfe betr\u00e4gt 8 MB. \" data-filetype=\"webp|doc|jpg|jpeg|jpe|pdf\" data-filetype-message=\"Dateierweiterung ist nicht erlaubt.\"><div class=\"forminator-multi-upload-message\" aria-hidden=\"true\"><span class=\"forminator-icon-upload\" aria-hidden=\"true\"><\/span><p>Drag &amp; Drop (oder) <a class=\"forminator-upload-file--forminator-field-upload-1_69dda777c76b1\" href=\"#\" onclick=\"return false;\">W\u00e4hle Dateien<\/a><\/p><\/div><\/div><ul class=\"forminator-uploaded-files upload-container-upload-1_69dda777c76b1\"><\/ul><\/div><\/div><\/div><div class=\"forminator-row\"><div id=\"consent-1\" class=\"forminator-field-consent forminator-col forminator-col-12 \"><div class=\"forminator-field\"><label for=\"forminator-field-consent-1_69dda777c76b1\" id=\"forminator-field-consent-1_69dda777c76b1-label\" class=\"forminator-label\">Consent <span class=\"forminator-required\">*<\/span><\/label><div class=\"forminator-checkbox__wrapper\"><label id=\"forminator-field-consent-1_69dda777c76b1__label\" class=\"forminator-checkbox forminator-consent\"><input type=\"checkbox\" name=\"consent-1\" id=\"forminator-field-consent-1_69dda777c76b1\" value=\"checked\" aria-labelledby=\"forminator-field-consent-1_69dda777c76b1-label\" aria-describedby=\"forminator-field-consent-1_69dda777c76b1__description\" data-required=\"true\" aria-required=\"true\" \/><span class=\"forminator-checkbox-box\" aria-hidden=\"true\"><\/span><\/label><div id=\"forminator-field-consent-1_69dda777c76b1__description\" class=\"forminator-checkbox__label forminator-consent__label\"><p>Mit Best\u00e4tigung diese K\u00e4stchen stimmen Sie unseren <a href=\"https:\/\/cleanfine.de\/index.php\/datenschutz\/\">Datenschutzbestimmung<\/a> zu&nbsp;<\/p><\/div><\/div><\/div><\/div><\/div><input type=\"hidden\" name=\"referer_url\" value=\"\" \/><div class=\"forminator-row forminator-row-last\"><div class=\"forminator-col\"><div class=\"forminator-field\"><button class=\"forminator-button forminator-button-submit\"><span>Bewerbung Senden<\/span><span aria-hidden=\"true\"><\/span><\/button><\/div><\/div><\/div><input type=\"hidden\" id=\"forminator_nonce\" name=\"forminator_nonce\" value=\"0433ef78f0\" \/><input type=\"hidden\" name=\"_wp_http_referer\" value=\"\/index.php\/wp-json\/wp\/v2\/pages\/7\" \/><input type=\"hidden\" name=\"form_id\" value=\"921\"><input type=\"hidden\" name=\"page_id\" value=\"7\"><input type=\"hidden\" name=\"form_type\" value=\"default\"><input type=\"hidden\" name=\"current_url\" value=\"https:\/\/cleanfine.de\/index.php\/jobs\/\"><input type=\"hidden\" name=\"render_id\" value=\"0\"><input type=\"hidden\" name=\"forminator-multifile-hidden\" class=\"forminator-multifile-hidden\"><input type=\"hidden\" name=\"action\" value=\"forminator_submit_form_custom-forms\"><\/form><\/div>\n\t\t\t\t\t\t<\/div>\n\t\t\t\t<\/div>\n\t\t\t\t\t<\/div>\n\t\t<\/div>\n\t\t\t\t\t<\/div>\n\t\t<\/section>\n\t\t\t\t\t<\/div>\n\t\t<\/div>\n\t\t\t\t\t<\/div>\n\t\t<\/section>\n\t\t\t\t<\/div>\n\t\t","protected":false},"excerpt":{"rendered":"<p>Online Bewerben ****FREIE STELLEN**** Reinigungskraft auf Minijob-Basis\u00a0 Reinigungskraft in Teilzeit\u00a0 \u00a0 Bewerben Sie sich direkt bei uns Online. Das geht ganz einfach in nur 3 Schritten:\u00a0 1 F\u00fcllen Sie hier alle wichtigen Angaben aus2 Laden Sie alle Bewerbungsunterlagen hoch, z.\u00a0B. Lebenslauf, Zeugnis3 Versenden Sie Ihre Bewerbung.<\/p>\n","protected":false},"author":1,"featured_media":0,"parent":0,"menu_order":0,"comment_status":"closed","ping_status":"closed","template":"elementor_theme","meta":{"footnotes":""},"class_list":["post-7","page","type-page","status-publish","hentry"],"_links":{"self":[{"href":"https:\/\/cleanfine.de\/index.php\/wp-json\/wp\/v2\/pages\/7","targetHints":{"allow":["GET"]}}],"collection":[{"href":"https:\/\/cleanfine.de\/index.php\/wp-json\/wp\/v2\/pages"}],"about":[{"href":"https:\/\/cleanfine.de\/index.php\/wp-json\/wp\/v2\/types\/page"}],"author":[{"embeddable":true,"href":"https:\/\/cleanfine.de\/index.php\/wp-json\/wp\/v2\/users\/1"}],"replies":[{"embeddable":true,"href":"https:\/\/cleanfine.de\/index.php\/wp-json\/wp\/v2\/comments?post=7"}],"version-history":[{"count":118,"href":"https:\/\/cleanfine.de\/index.php\/wp-json\/wp\/v2\/pages\/7\/revisions"}],"predecessor-version":[{"id":1853,"href":"https:\/\/cleanfine.de\/index.php\/wp-json\/wp\/v2\/pages\/7\/revisions\/1853"}],"wp:attachment":[{"href":"https:\/\/cleanfine.de\/index.php\/wp-json\/wp\/v2\/media?parent=7"}],"curies":[{"name":"wp","href":"https:\/\/api.w.org\/{rel}","templated":true}]}}