{"id":498,"date":"2022-08-22T18:51:40","date_gmt":"2022-08-22T18:51:40","guid":{"rendered":"https:\/\/cleanfine.de\/?page_id=498"},"modified":"2025-02-28T06:54:55","modified_gmt":"2025-02-28T06:54:55","slug":"unsere-reinigungsmittel","status":"publish","type":"page","link":"https:\/\/cleanfine.de\/index.php\/unsere-reinigungsmittel\/","title":{"rendered":"Unsere Reinigungsmittel"},"content":{"rendered":"\t\t<div data-elementor-type=\"wp-page\" data-elementor-id=\"498\" class=\"elementor elementor-498\">\n\t\t\t\t\t\t<section class=\"elementor-section elementor-top-section elementor-element elementor-element-5f3d4206 elementor-section-boxed elementor-section-height-default elementor-section-height-default\" data-id=\"5f3d4206\" data-element_type=\"section\" data-e-type=\"section\">\n\t\t\t\t\t\t<div class=\"elementor-container elementor-column-gap-default\">\n\t\t\t\t\t<div class=\"elementor-column elementor-col-100 elementor-top-column elementor-element elementor-element-21f38525\" data-id=\"21f38525\" data-element_type=\"column\" data-e-type=\"column\">\n\t\t\t<div class=\"elementor-widget-wrap elementor-element-populated\">\n\t\t\t\t\t\t<div class=\"elementor-element elementor-element-50198f53 elementor-widget elementor-widget-text-editor\" data-id=\"50198f53\" data-element_type=\"widget\" data-e-type=\"widget\" data-widget_type=\"text-editor.default\">\n\t\t\t\t<div class=\"elementor-widget-container\">\n\t\t\t\t\t\t\t\t\t<h1>\u00a0\u00a0Wir benutzen hochwertige Reinigungsmittel<\/h1>\n<h2>\u00a0<\/h2>\n<p style=\"text-align: center;\">\u00a0<\/p>\n<h2>Noris<\/h2>\n<p style=\"text-align: center;\">Die Produkte finden ihren Einsatz im industriellen und institutionellen Markt, sowie in der Geb\u00e4udereinigung und Gastronomie.<\/p>\n<p><img fetchpriority=\"high\" decoding=\"async\" class=\"alignnone size-medium wp-image-1433\" src=\"https:\/\/cleanfine.de\/wp-content\/uploads\/2023\/08\/A48D6090-D739-4D1A-82E4-77EB5F28950C-300x300.jpeg\" alt=\"\" width=\"300\" height=\"300\" srcset=\"https:\/\/cleanfine.de\/wp-content\/uploads\/2023\/08\/A48D6090-D739-4D1A-82E4-77EB5F28950C-300x300.jpeg 300w, https:\/\/cleanfine.de\/wp-content\/uploads\/2023\/08\/A48D6090-D739-4D1A-82E4-77EB5F28950C-1024x1024.jpeg 1024w, https:\/\/cleanfine.de\/wp-content\/uploads\/2023\/08\/A48D6090-D739-4D1A-82E4-77EB5F28950C-150x150.jpeg 150w, https:\/\/cleanfine.de\/wp-content\/uploads\/2023\/08\/A48D6090-D739-4D1A-82E4-77EB5F28950C-768x768.jpeg 768w, https:\/\/cleanfine.de\/wp-content\/uploads\/2023\/08\/A48D6090-D739-4D1A-82E4-77EB5F28950C-1536x1536.jpeg 1536w, https:\/\/cleanfine.de\/wp-content\/uploads\/2023\/08\/A48D6090-D739-4D1A-82E4-77EB5F28950C.jpeg 2048w\" sizes=\"(max-width: 300px) 100vw, 300px\" \/> <img decoding=\"async\" class=\"alignnone size-medium wp-image-1432\" src=\"https:\/\/cleanfine.de\/wp-content\/uploads\/2023\/08\/30A04B4B-C082-480F-924C-B55259BF4A07-300x300.jpeg\" alt=\"\" width=\"300\" height=\"300\" srcset=\"https:\/\/cleanfine.de\/wp-content\/uploads\/2023\/08\/30A04B4B-C082-480F-924C-B55259BF4A07-300x300.jpeg 300w, https:\/\/cleanfine.de\/wp-content\/uploads\/2023\/08\/30A04B4B-C082-480F-924C-B55259BF4A07-1024x1024.jpeg 1024w, https:\/\/cleanfine.de\/wp-content\/uploads\/2023\/08\/30A04B4B-C082-480F-924C-B55259BF4A07-150x150.jpeg 150w, https:\/\/cleanfine.de\/wp-content\/uploads\/2023\/08\/30A04B4B-C082-480F-924C-B55259BF4A07-768x768.jpeg 768w, https:\/\/cleanfine.de\/wp-content\/uploads\/2023\/08\/30A04B4B-C082-480F-924C-B55259BF4A07-1536x1536.jpeg 1536w, https:\/\/cleanfine.de\/wp-content\/uploads\/2023\/08\/30A04B4B-C082-480F-924C-B55259BF4A07.jpeg 2048w\" sizes=\"(max-width: 300px) 100vw, 300px\" \/><img decoding=\"async\" class=\"alignnone size-medium wp-image-1496\" src=\"https:\/\/cleanfine.de\/wp-content\/uploads\/2023\/08\/2-mal-225x300.jpeg\" alt=\"\" width=\"225\" height=\"300\" srcset=\"https:\/\/cleanfine.de\/wp-content\/uploads\/2023\/08\/2-mal-225x300.jpeg 225w, https:\/\/cleanfine.de\/wp-content\/uploads\/2023\/08\/2-mal-768x1024.jpeg 768w, https:\/\/cleanfine.de\/wp-content\/uploads\/2023\/08\/2-mal-1152x1536.jpeg 1152w, https:\/\/cleanfine.de\/wp-content\/uploads\/2023\/08\/2-mal-1536x2048.jpeg 1536w, https:\/\/cleanfine.de\/wp-content\/uploads\/2023\/08\/2-mal-scaled.jpeg 1920w\" sizes=\"(max-width: 225px) 100vw, 225px\" \/><img loading=\"lazy\" decoding=\"async\" class=\"alignnone size-medium wp-image-1529\" src=\"https:\/\/cleanfine.de\/wp-content\/uploads\/2023\/09\/IMG_3050-266x300.jpeg\" alt=\"\" width=\"266\" height=\"300\" srcset=\"https:\/\/cleanfine.de\/wp-content\/uploads\/2023\/09\/IMG_3050-266x300.jpeg 266w, https:\/\/cleanfine.de\/wp-content\/uploads\/2023\/09\/IMG_3050-908x1024.jpeg 908w, https:\/\/cleanfine.de\/wp-content\/uploads\/2023\/09\/IMG_3050-768x866.jpeg 768w, https:\/\/cleanfine.de\/wp-content\/uploads\/2023\/09\/IMG_3050-1362x1536.jpeg 1362w, https:\/\/cleanfine.de\/wp-content\/uploads\/2023\/09\/IMG_3050-1816x2048.jpeg 1816w\" sizes=\"(max-width: 266px) 100vw, 266px\" \/> <img loading=\"lazy\" decoding=\"async\" class=\"alignnone size-medium wp-image-1789\" src=\"https:\/\/cleanfine.de\/wp-content\/uploads\/2024\/11\/IMG_9872-225x300.jpeg\" alt=\"\" width=\"225\" height=\"300\" srcset=\"https:\/\/cleanfine.de\/wp-content\/uploads\/2024\/11\/IMG_9872-225x300.jpeg 225w, https:\/\/cleanfine.de\/wp-content\/uploads\/2024\/11\/IMG_9872-768x1024.jpeg 768w, https:\/\/cleanfine.de\/wp-content\/uploads\/2024\/11\/IMG_9872-1152x1536.jpeg 1152w, https:\/\/cleanfine.de\/wp-content\/uploads\/2024\/11\/IMG_9872-1536x2048.jpeg 1536w, https:\/\/cleanfine.de\/wp-content\/uploads\/2024\/11\/IMG_9872-scaled.jpeg 1920w\" sizes=\"(max-width: 225px) 100vw, 225px\" \/> <img loading=\"lazy\" decoding=\"async\" class=\"alignnone size-medium wp-image-1829\" src=\"https:\/\/cleanfine.de\/wp-content\/uploads\/2025\/02\/IMG_0700-225x300.jpeg\" alt=\"\" width=\"225\" height=\"300\" srcset=\"https:\/\/cleanfine.de\/wp-content\/uploads\/2025\/02\/IMG_0700-225x300.jpeg 225w, https:\/\/cleanfine.de\/wp-content\/uploads\/2025\/02\/IMG_0700-768x1024.jpeg 768w, https:\/\/cleanfine.de\/wp-content\/uploads\/2025\/02\/IMG_0700-1152x1536.jpeg 1152w, https:\/\/cleanfine.de\/wp-content\/uploads\/2025\/02\/IMG_0700-1536x2048.jpeg 1536w, https:\/\/cleanfine.de\/wp-content\/uploads\/2025\/02\/IMG_0700-scaled.jpeg 1920w\" sizes=\"(max-width: 225px) 100vw, 225px\" \/><\/p>\n<p><strong>Jemako<\/strong><\/p>\n<p>Zudem haben wir seit neusten auch eine Tasche mit Jemako Reinigungsmitteln, da viele unserer Kunden diese Produkte kennen und sich das auch gew\u00fcnscht haben. <img loading=\"lazy\" decoding=\"async\" class=\"alignnone size-medium wp-image-1793\" src=\"https:\/\/cleanfine.de\/wp-content\/uploads\/2024\/11\/23D3AEFF-70A0-486D-9A0A-5A7969A013CF-300x300.jpeg\" alt=\"\" width=\"300\" height=\"300\" srcset=\"https:\/\/cleanfine.de\/wp-content\/uploads\/2024\/11\/23D3AEFF-70A0-486D-9A0A-5A7969A013CF-300x300.jpeg 300w, https:\/\/cleanfine.de\/wp-content\/uploads\/2024\/11\/23D3AEFF-70A0-486D-9A0A-5A7969A013CF-1024x1024.jpeg 1024w, https:\/\/cleanfine.de\/wp-content\/uploads\/2024\/11\/23D3AEFF-70A0-486D-9A0A-5A7969A013CF-150x150.jpeg 150w, https:\/\/cleanfine.de\/wp-content\/uploads\/2024\/11\/23D3AEFF-70A0-486D-9A0A-5A7969A013CF-768x768.jpeg 768w, https:\/\/cleanfine.de\/wp-content\/uploads\/2024\/11\/23D3AEFF-70A0-486D-9A0A-5A7969A013CF-1536x1536.jpeg 1536w, https:\/\/cleanfine.de\/wp-content\/uploads\/2024\/11\/23D3AEFF-70A0-486D-9A0A-5A7969A013CF-2048x2048.jpeg 2048w\" sizes=\"(max-width: 300px) 100vw, 300px\" \/> <img loading=\"lazy\" decoding=\"async\" class=\"alignnone size-medium wp-image-1833\" src=\"https:\/\/cleanfine.de\/wp-content\/uploads\/2025\/02\/IMG_0944-225x300.jpeg\" alt=\"\" width=\"225\" height=\"300\" srcset=\"https:\/\/cleanfine.de\/wp-content\/uploads\/2025\/02\/IMG_0944-225x300.jpeg 225w, https:\/\/cleanfine.de\/wp-content\/uploads\/2025\/02\/IMG_0944-768x1024.jpeg 768w, https:\/\/cleanfine.de\/wp-content\/uploads\/2025\/02\/IMG_0944-1152x1536.jpeg 1152w, https:\/\/cleanfine.de\/wp-content\/uploads\/2025\/02\/IMG_0944-1536x2048.jpeg 1536w, https:\/\/cleanfine.de\/wp-content\/uploads\/2025\/02\/IMG_0944-scaled.jpeg 1920w\" sizes=\"(max-width: 225px) 100vw, 225px\" \/><\/p>\n<p>Falls Sie dazu Fragen haben, k\u00f6nnen Sie uns gerne eine Nachricht zukommen lassen. Wir werden Ihnen die Produktbeschreibung so schnell wie m\u00f6glich zusenden.<\/p>\n<p>Zudem bringen wir bei Bedarf unsere Staubsauger und \/ oder unseren Nass- und Trockensauger mit. \u00a0 \u00a0 \u00a0 \u00a0 \u00a0 \u00a0 \u00a0 \u00a0 \u00a0 \u00a0 \u00a0 \u00a0 \u00a0 \u00a0 \u00a0 \u00a0 \u00a0 \u00a0 \u00a0 \u00a0 \u00a0 \u00a0 \u00a0 \u00a0 \u00a0 \u00a0 \u00a0 \u00a0 \u00a0 \u00a0 \u00a0 \u00a0 \u00a0 \u00a0 \u00a0 \u00a0 \u00a0 \u00a0 \u00a0 \u00a0 \u00a0 \u00a0 \u00a0 \u00a0 \u00a0 \u00a0 \u00a0 \u00a0 \u00a0 <img loading=\"lazy\" decoding=\"async\" class=\"alignnone size-medium wp-image-1734\" src=\"https:\/\/cleanfine.de\/wp-content\/uploads\/2024\/04\/73ECC175-12DC-46B0-B622-C27090EAD040-225x300.jpeg\" alt=\"\" width=\"225\" height=\"300\" srcset=\"https:\/\/cleanfine.de\/wp-content\/uploads\/2024\/04\/73ECC175-12DC-46B0-B622-C27090EAD040-225x300.jpeg 225w, https:\/\/cleanfine.de\/wp-content\/uploads\/2024\/04\/73ECC175-12DC-46B0-B622-C27090EAD040-768x1023.jpeg 768w, https:\/\/cleanfine.de\/wp-content\/uploads\/2024\/04\/73ECC175-12DC-46B0-B622-C27090EAD040-1153x1536.jpeg 1153w, https:\/\/cleanfine.de\/wp-content\/uploads\/2024\/04\/73ECC175-12DC-46B0-B622-C27090EAD040.jpeg 1290w\" sizes=\"(max-width: 225px) 100vw, 225px\" \/>\u00a0<img loading=\"lazy\" decoding=\"async\" class=\"alignnone size-medium wp-image-1705\" src=\"https:\/\/cleanfine.de\/wp-content\/uploads\/2024\/03\/CE6D94D8-C2E7-421F-A92E-E8437EF3F290-300x234.jpeg\" alt=\"\" width=\"300\" height=\"234\" srcset=\"https:\/\/cleanfine.de\/wp-content\/uploads\/2024\/03\/CE6D94D8-C2E7-421F-A92E-E8437EF3F290-300x234.jpeg 300w, https:\/\/cleanfine.de\/wp-content\/uploads\/2024\/03\/CE6D94D8-C2E7-421F-A92E-E8437EF3F290-1024x800.jpeg 1024w, https:\/\/cleanfine.de\/wp-content\/uploads\/2024\/03\/CE6D94D8-C2E7-421F-A92E-E8437EF3F290-768x600.jpeg 768w, https:\/\/cleanfine.de\/wp-content\/uploads\/2024\/03\/CE6D94D8-C2E7-421F-A92E-E8437EF3F290.jpeg 1290w\" sizes=\"(max-width: 300px) 100vw, 300px\" \/> <img loading=\"lazy\" decoding=\"async\" class=\"alignnone size-medium wp-image-1759\" src=\"https:\/\/cleanfine.de\/wp-content\/uploads\/2024\/08\/A9187E27-E938-4DD5-B6C6-478A0176FBB5-225x300.jpeg\" alt=\"\" width=\"225\" height=\"300\" srcset=\"https:\/\/cleanfine.de\/wp-content\/uploads\/2024\/08\/A9187E27-E938-4DD5-B6C6-478A0176FBB5-225x300.jpeg 225w, https:\/\/cleanfine.de\/wp-content\/uploads\/2024\/08\/A9187E27-E938-4DD5-B6C6-478A0176FBB5-768x1024.jpeg 768w, https:\/\/cleanfine.de\/wp-content\/uploads\/2024\/08\/A9187E27-E938-4DD5-B6C6-478A0176FBB5-1152x1536.jpeg 1152w, https:\/\/cleanfine.de\/wp-content\/uploads\/2024\/08\/A9187E27-E938-4DD5-B6C6-478A0176FBB5-1536x2048.jpeg 1536w, https:\/\/cleanfine.de\/wp-content\/uploads\/2024\/08\/A9187E27-E938-4DD5-B6C6-478A0176FBB5-scaled.jpeg 1920w\" sizes=\"(max-width: 225px) 100vw, 225px\" \/><\/p>\n<p>F\u00fcr die Treppenhausreinigung haben wir auch unsere eigenen Reinigungsmaterialien. So sind wir f\u00fcr unsere Kunden bestens ger\u00fcstet.<\/p>\n<p><img loading=\"lazy\" decoding=\"async\" class=\"\" title=\"WhatsApp Image 2022-10-16 at 20.40.30\" src=\"https:\/\/cleanfine.de\/wp-content\/uploads\/elementor\/thumbs\/WhatsApp-Image-2022-10-16-at-20.40.30-pwli0777nk97zepfapq90ijq15v3ut9davctx49oko.jpeg\" alt=\"WhatsApp Image 2022-10-16 at 20.40.30\" width=\"260\" height=\"251\" \/>\u00a0 \u00a0 \u00a0\u00a0<\/p>\n<p>Zudem haben wir extra &#8222;Werkzeug&#8220; f\u00fcr streifenfreie saubere Fenster. \u00a0 \u00a0 \u00a0 \u00a0 \u00a0 \u00a0 \u00a0 \u00a0 \u00a0 \u00a0 \u00a0 \u00a0 \u00a0 \u00a0 \u00a0 \u00a0 \u00a0 \u00a0 \u00a0 \u00a0 \u00a0 \u00a0 \u00a0 \u00a0 \u00a0 \u00a0 \u00a0 \u00a0 \u00a0 \u00a0 \u00a0 \u00a0 \u00a0 \u00a0 \u00a0<img loading=\"lazy\" decoding=\"async\" class=\"wp-image-1391\" style=\"letter-spacing: 0px;\" src=\"https:\/\/cleanfine.de\/wp-content\/uploads\/2023\/05\/fensterwischer-1024x796.jpeg\" alt=\"\" width=\"341\" height=\"264\" srcset=\"https:\/\/cleanfine.de\/wp-content\/uploads\/2023\/05\/fensterwischer-1024x796.jpeg 1024w, https:\/\/cleanfine.de\/wp-content\/uploads\/2023\/05\/fensterwischer-300x233.jpeg 300w, https:\/\/cleanfine.de\/wp-content\/uploads\/2023\/05\/fensterwischer-768x597.jpeg 768w, https:\/\/cleanfine.de\/wp-content\/uploads\/2023\/05\/fensterwischer.jpeg 1242w\" sizes=\"(max-width: 341px) 100vw, 341px\" \/> <img loading=\"lazy\" decoding=\"async\" class=\"alignnone size-medium wp-image-1706\" src=\"https:\/\/cleanfine.de\/wp-content\/uploads\/2024\/03\/FBB95450-C19D-4AD5-9BED-3AE9BEC59466-300x234.jpeg\" alt=\"\" width=\"300\" height=\"234\" srcset=\"https:\/\/cleanfine.de\/wp-content\/uploads\/2024\/03\/FBB95450-C19D-4AD5-9BED-3AE9BEC59466-300x234.jpeg 300w, https:\/\/cleanfine.de\/wp-content\/uploads\/2024\/03\/FBB95450-C19D-4AD5-9BED-3AE9BEC59466-1024x800.jpeg 1024w, https:\/\/cleanfine.de\/wp-content\/uploads\/2024\/03\/FBB95450-C19D-4AD5-9BED-3AE9BEC59466-768x600.jpeg 768w, https:\/\/cleanfine.de\/wp-content\/uploads\/2024\/03\/FBB95450-C19D-4AD5-9BED-3AE9BEC59466.jpeg 1290w\" sizes=\"(max-width: 300px) 100vw, 300px\" \/><img loading=\"lazy\" decoding=\"async\" class=\"alignnone size-medium wp-image-1414\" src=\"https:\/\/cleanfine.de\/wp-content\/uploads\/2023\/07\/IMG_2715-225x300.jpeg\" alt=\"\" width=\"225\" height=\"300\" srcset=\"https:\/\/cleanfine.de\/wp-content\/uploads\/2023\/07\/IMG_2715-225x300.jpeg 225w, https:\/\/cleanfine.de\/wp-content\/uploads\/2023\/07\/IMG_2715-768x1024.jpeg 768w, https:\/\/cleanfine.de\/wp-content\/uploads\/2023\/07\/IMG_2715-1152x1536.jpeg 1152w, https:\/\/cleanfine.de\/wp-content\/uploads\/2023\/07\/IMG_2715-1536x2048.jpeg 1536w, https:\/\/cleanfine.de\/wp-content\/uploads\/2023\/07\/IMG_2715-scaled.jpeg 1920w\" sizes=\"(max-width: 225px) 100vw, 225px\" \/>\u00a0<\/p>\n<p>Unsere Ausr\u00fcstung f\u00fcr saubere B\u00f6den:<\/p>\n<p><img loading=\"lazy\" decoding=\"async\" class=\"alignnone size-medium wp-image-1399\" src=\"https:\/\/cleanfine.de\/wp-content\/uploads\/2023\/06\/IMG_2214-189x300.jpeg\" alt=\"\" width=\"189\" height=\"300\" srcset=\"https:\/\/cleanfine.de\/wp-content\/uploads\/2023\/06\/IMG_2214-189x300.jpeg 189w, https:\/\/cleanfine.de\/wp-content\/uploads\/2023\/06\/IMG_2214-645x1024.jpeg 645w, https:\/\/cleanfine.de\/wp-content\/uploads\/2023\/06\/IMG_2214-768x1220.jpeg 768w, https:\/\/cleanfine.de\/wp-content\/uploads\/2023\/06\/IMG_2214-967x1536.jpeg 967w, https:\/\/cleanfine.de\/wp-content\/uploads\/2023\/06\/IMG_2214-1289x2048.jpeg 1289w, https:\/\/cleanfine.de\/wp-content\/uploads\/2023\/06\/IMG_2214-scaled.jpeg 1611w\" sizes=\"(max-width: 189px) 100vw, 189px\" \/> <img loading=\"lazy\" decoding=\"async\" class=\"alignnone size-medium wp-image-1578\" src=\"https:\/\/cleanfine.de\/wp-content\/uploads\/2023\/11\/IMG_4406-229x300.jpeg\" alt=\"\" width=\"229\" height=\"300\" srcset=\"https:\/\/cleanfine.de\/wp-content\/uploads\/2023\/11\/IMG_4406-229x300.jpeg 229w, https:\/\/cleanfine.de\/wp-content\/uploads\/2023\/11\/IMG_4406-782x1024.jpeg 782w, https:\/\/cleanfine.de\/wp-content\/uploads\/2023\/11\/IMG_4406-768x1005.jpeg 768w, https:\/\/cleanfine.de\/wp-content\/uploads\/2023\/11\/IMG_4406-1173x1536.jpeg 1173w, https:\/\/cleanfine.de\/wp-content\/uploads\/2023\/11\/IMG_4406-1565x2048.jpeg 1565w, https:\/\/cleanfine.de\/wp-content\/uploads\/2023\/11\/IMG_4406-scaled.jpeg 1956w\" sizes=\"(max-width: 229px) 100vw, 229px\" \/><\/p>\n<p><!-- \/wp:image --><\/p>\n<p><!-- wp:image --><\/p>\n<figure class=\"wp-block-image\"><img alt=\"\" \/><\/figure>\n<p><!-- \/wp:image --><\/p>\n<p><!-- wp:image --><\/p>\n<figure class=\"wp-block-image\"><img alt=\"\" \/><\/figure>\n<p><!-- \/wp:image --><\/p>\n<p><!-- wp:image --><\/p>\n<figure class=\"wp-block-image\"><\/figure>\n<p><!-- \/wp:image --><\/p>\n<p><!-- wp:gallery {\"linkTo\":\"none\"} --><\/p>\n<figure class=\"wp-block-gallery has-nested-images columns-default is-cropped\"><\/figure>\n<p><!-- \/wp:gallery --><\/p>\n<p><!-- wp:gallery {\"linkTo\":\"none\"} --><\/p>\n<figure class=\"wp-block-gallery has-nested-images columns-default is-cropped\"><\/figure>\n<p><!-- \/wp:gallery --><\/p>\n<p><!-- wp:gallery {\"linkTo\":\"none\"} --><\/p>\n<figure class=\"wp-block-gallery has-nested-images columns-default is-cropped\"><\/figure>\n<p><!-- \/wp:gallery --><\/p>\n<p><!-- wp:image --><\/p>\n<figure class=\"wp-block-image\"><\/figure>\n<p><!-- \/wp:image --><\/p>\n<p><!-- wp:image --><\/p>\n<figure class=\"wp-block-image\"><\/figure>\n<p><!-- \/wp:image --><\/p>\t\t\t\t\t\t\t\t<\/div>\n\t\t\t\t<\/div>\n\t\t\t\t\t<\/div>\n\t\t<\/div>\n\t\t\t\t\t<\/div>\n\t\t<\/section>\n\t\t\t\t<\/div>\n\t\t","protected":false},"excerpt":{"rendered":"<p>\u00a0\u00a0Wir benutzen hochwertige Reinigungsmittel \u00a0 \u00a0 Noris Die Produkte finden ihren Einsatz im industriellen und institutionellen Markt, sowie in der Geb\u00e4udereinigung und Gastronomie. Jemako Zudem haben wir seit neusten auch eine Tasche mit Jemako Reinigungsmitteln, da viele unserer Kunden diese Produkte kennen und sich das auch gew\u00fcnscht haben. Falls Sie dazu Fragen haben, k\u00f6nnen Sie&hellip;<\/p>\n","protected":false},"author":1,"featured_media":0,"parent":0,"menu_order":0,"comment_status":"closed","ping_status":"closed","template":"","meta":{"footnotes":""},"class_list":["post-498","page","type-page","status-publish","hentry"],"_links":{"self":[{"href":"https:\/\/cleanfine.de\/index.php\/wp-json\/wp\/v2\/pages\/498","targetHints":{"allow":["GET"]}}],"collection":[{"href":"https:\/\/cleanfine.de\/index.php\/wp-json\/wp\/v2\/pages"}],"about":[{"href":"https:\/\/cleanfine.de\/index.php\/wp-json\/wp\/v2\/types\/page"}],"author":[{"embeddable":true,"href":"https:\/\/cleanfine.de\/index.php\/wp-json\/wp\/v2\/users\/1"}],"replies":[{"embeddable":true,"href":"https:\/\/cleanfine.de\/index.php\/wp-json\/wp\/v2\/comments?post=498"}],"version-history":[{"count":283,"href":"https:\/\/cleanfine.de\/index.php\/wp-json\/wp\/v2\/pages\/498\/revisions"}],"predecessor-version":[{"id":1836,"href":"https:\/\/cleanfine.de\/index.php\/wp-json\/wp\/v2\/pages\/498\/revisions\/1836"}],"wp:attachment":[{"href":"https:\/\/cleanfine.de\/index.php\/wp-json\/wp\/v2\/media?parent=498"}],"curies":[{"name":"wp","href":"https:\/\/api.w.org\/{rel}","templated":true}]}}