{"id":11,"date":"2022-08-05T21:39:40","date_gmt":"2022-08-05T21:39:40","guid":{"rendered":"https:\/\/cleanfine.de\/?page_id=11"},"modified":"2026-01-04T10:08:01","modified_gmt":"2026-01-04T10:08:01","slug":"service","status":"publish","type":"page","link":"https:\/\/cleanfine.de\/index.php\/service\/","title":{"rendered":"Unser Unternehmen"},"content":{"rendered":"\t\t<div data-elementor-type=\"wp-page\" data-elementor-id=\"11\" class=\"elementor elementor-11\">\n\t\t\t\t\t\t<section class=\"elementor-section elementor-top-section elementor-element elementor-element-4aff16c1 elementor-section-boxed elementor-section-height-default elementor-section-height-default\" data-id=\"4aff16c1\" data-element_type=\"section\" data-e-type=\"section\">\n\t\t\t\t\t\t<div class=\"elementor-container elementor-column-gap-default\">\n\t\t\t\t\t<div class=\"elementor-column elementor-col-100 elementor-top-column elementor-element elementor-element-36eb8db4\" data-id=\"36eb8db4\" data-element_type=\"column\" data-e-type=\"column\">\n\t\t\t<div class=\"elementor-widget-wrap elementor-element-populated\">\n\t\t\t\t\t\t<div class=\"elementor-element elementor-element-1aabfbfa elementor-widget elementor-widget-text-editor\" data-id=\"1aabfbfa\" data-element_type=\"widget\" data-e-type=\"widget\" data-widget_type=\"text-editor.default\">\n\t\t\t\t<div class=\"elementor-widget-container\">\n\t\t\t\t\t\t\t\t\t<h2>Unser Unternehmen<\/h2>\n<h2>Cleanfine Seit 2022<\/h2>\n<p>Gegr\u00fcndet haben wir unsere kleine Reinigungsfirma im Mai 2022.<\/p>\n<p>Wir besch\u00e4ftigen uns mit der Reinigung von Privat- und Firmengeb\u00e4uden.<\/p>\n<p>Unser Stundenlohn betr\u00e4gt 22 Euro. \u00a0Zus\u00e4tzlich verlangen wir f\u00fcr unsere hochwertigen Reinigungsmittel 5 Euro pro Einsatz und f\u00fcr die Jemako-Produkte 8 Euro pro Einsatz.\u00a0<\/p>\n<p>Zudem bieten wir eine Bauendreinigung f\u00fcr 27 Euro die Stunde und 10 Euro Material pro Einsatztag an.<\/p>\n<p>Au\u00dferdem f\u00e4llt je nach Entfernung eine Anfahrtspauschale pro Arbeitstag an.\u00a0 \u00a0 \u00a0 \u00a0 \u00a0 \u00a0 \u00a0 \u00a0<\/p>\n<p>\u00a0<\/p>\n<p>Seit Januar 2025 Jahres d\u00fcrfen wir die Bezeichnung Veste-Partner tragen.\u00a0<\/p>\n<p><img fetchpriority=\"high\" decoding=\"async\" class=\"size-medium wp-image-1812\" src=\"https:\/\/cleanfine.de\/wp-content\/uploads\/2025\/02\/IMG_0635-300x196.jpeg\" alt=\"\" width=\"300\" height=\"196\" srcset=\"https:\/\/cleanfine.de\/wp-content\/uploads\/2025\/02\/IMG_0635-300x196.jpeg 300w, https:\/\/cleanfine.de\/wp-content\/uploads\/2025\/02\/IMG_0635-1024x670.jpeg 1024w, https:\/\/cleanfine.de\/wp-content\/uploads\/2025\/02\/IMG_0635-768x503.jpeg 768w, https:\/\/cleanfine.de\/wp-content\/uploads\/2025\/02\/IMG_0635.jpeg 1080w\" sizes=\"(max-width: 300px) 100vw, 300px\" \/>\u00a0<\/p>\n<p>\u00a0\u00a0<img decoding=\"async\" class=\"alignnone size-medium wp-image-1716\" src=\"https:\/\/cleanfine.de\/wp-content\/uploads\/2024\/03\/IMG_5772-300x226.jpeg\" alt=\"\" width=\"300\" height=\"226\" srcset=\"https:\/\/cleanfine.de\/wp-content\/uploads\/2024\/03\/IMG_5772-300x226.jpeg 300w, https:\/\/cleanfine.de\/wp-content\/uploads\/2024\/03\/IMG_5772-1024x772.jpeg 1024w, https:\/\/cleanfine.de\/wp-content\/uploads\/2024\/03\/IMG_5772-768x579.jpeg 768w, https:\/\/cleanfine.de\/wp-content\/uploads\/2024\/03\/IMG_5772-1536x1158.jpeg 1536w, https:\/\/cleanfine.de\/wp-content\/uploads\/2024\/03\/IMG_5772-2048x1543.jpeg 2048w, https:\/\/cleanfine.de\/wp-content\/uploads\/2024\/03\/IMG_5772-160x120.jpeg 160w\" sizes=\"(max-width: 300px) 100vw, 300px\" \/> <img decoding=\"async\" class=\"alignnone size-medium wp-image-1730\" src=\"https:\/\/cleanfine.de\/wp-content\/uploads\/2024\/04\/IMG_7033-225x300.jpeg\" alt=\"\" width=\"225\" height=\"300\" srcset=\"https:\/\/cleanfine.de\/wp-content\/uploads\/2024\/04\/IMG_7033-225x300.jpeg 225w, https:\/\/cleanfine.de\/wp-content\/uploads\/2024\/04\/IMG_7033-768x1024.jpeg 768w, https:\/\/cleanfine.de\/wp-content\/uploads\/2024\/04\/IMG_7033-1152x1536.jpeg 1152w, https:\/\/cleanfine.de\/wp-content\/uploads\/2024\/04\/IMG_7033-1536x2048.jpeg 1536w, https:\/\/cleanfine.de\/wp-content\/uploads\/2024\/04\/IMG_7033-scaled.jpeg 1920w\" sizes=\"(max-width: 225px) 100vw, 225px\" \/><img loading=\"lazy\" decoding=\"async\" class=\"alignnone size-medium wp-image-1764\" src=\"https:\/\/cleanfine.de\/wp-content\/uploads\/2024\/08\/IMG_8168-300x225.jpeg\" alt=\"\" width=\"300\" height=\"225\" srcset=\"https:\/\/cleanfine.de\/wp-content\/uploads\/2024\/08\/IMG_8168-300x225.jpeg 300w, https:\/\/cleanfine.de\/wp-content\/uploads\/2024\/08\/IMG_8168-1024x768.jpeg 1024w, https:\/\/cleanfine.de\/wp-content\/uploads\/2024\/08\/IMG_8168-768x576.jpeg 768w, https:\/\/cleanfine.de\/wp-content\/uploads\/2024\/08\/IMG_8168-1536x1152.jpeg 1536w, https:\/\/cleanfine.de\/wp-content\/uploads\/2024\/08\/IMG_8168-2048x1536.jpeg 2048w, https:\/\/cleanfine.de\/wp-content\/uploads\/2024\/08\/IMG_8168-160x120.jpeg 160w\" sizes=\"(max-width: 300px) 100vw, 300px\" \/> <img loading=\"lazy\" decoding=\"async\" class=\"alignnone size-medium wp-image-1775\" src=\"https:\/\/cleanfine.de\/wp-content\/uploads\/2024\/11\/IMG_9590-300x225.jpeg\" alt=\"\" width=\"300\" height=\"225\" srcset=\"https:\/\/cleanfine.de\/wp-content\/uploads\/2024\/11\/IMG_9590-300x225.jpeg 300w, https:\/\/cleanfine.de\/wp-content\/uploads\/2024\/11\/IMG_9590-1024x768.jpeg 1024w, https:\/\/cleanfine.de\/wp-content\/uploads\/2024\/11\/IMG_9590-768x576.jpeg 768w, https:\/\/cleanfine.de\/wp-content\/uploads\/2024\/11\/IMG_9590-1536x1152.jpeg 1536w, https:\/\/cleanfine.de\/wp-content\/uploads\/2024\/11\/IMG_9590-2048x1536.jpeg 2048w, https:\/\/cleanfine.de\/wp-content\/uploads\/2024\/11\/IMG_9590-160x120.jpeg 160w\" sizes=\"(max-width: 300px) 100vw, 300px\" \/> <img loading=\"lazy\" decoding=\"async\" class=\"alignnone size-medium wp-image-1825\" src=\"https:\/\/cleanfine.de\/wp-content\/uploads\/2025\/02\/5547096E-941A-489C-8A41-DAD2F654D84E-300x218.jpeg\" alt=\"\" width=\"300\" height=\"218\" srcset=\"https:\/\/cleanfine.de\/wp-content\/uploads\/2025\/02\/5547096E-941A-489C-8A41-DAD2F654D84E-300x218.jpeg 300w, https:\/\/cleanfine.de\/wp-content\/uploads\/2025\/02\/5547096E-941A-489C-8A41-DAD2F654D84E-1024x745.jpeg 1024w, https:\/\/cleanfine.de\/wp-content\/uploads\/2025\/02\/5547096E-941A-489C-8A41-DAD2F654D84E-768x559.jpeg 768w, https:\/\/cleanfine.de\/wp-content\/uploads\/2025\/02\/5547096E-941A-489C-8A41-DAD2F654D84E-1536x1118.jpeg 1536w, https:\/\/cleanfine.de\/wp-content\/uploads\/2025\/02\/5547096E-941A-489C-8A41-DAD2F654D84E.jpeg 1871w\" sizes=\"(max-width: 300px) 100vw, 300px\" \/>\u00a0<span style=\"letter-spacing: 0px;\">Wir bieten zudem eine Eventreinigung an.\u00a0<\/span><span style=\"letter-spacing: 0px;\">K\u00fcche w\u00e4hrend und \/ oder nach dem Event.\u00a0<\/span><span style=\"letter-spacing: 0px;\">Sanit\u00e4ranlagen w\u00e4hrend und \/ oder nach dem Event.\u00a0<\/span><span style=\"letter-spacing: 0px;\">Preis: 27 Euro die Stunde incl. Reinigungsmittel. Fahrtkosten je nach Entfernung.<\/span><\/p>\n<div style=\"width: 1240px;\" class=\"wp-video\"><video class=\"wp-video-shortcode\" id=\"video-11-1\" width=\"1240\" height=\"698\" poster=\"https:\/\/cleanfine.de\/wp-content\/uploads\/2024\/07\/intro3-fertig-1-mk39x42XN4Fx26pv-mp4-image.jpg\" preload=\"metadata\" controls=\"controls\"><source type=\"video\/mp4\" src=\"https:\/\/cleanfine.de\/wp-content\/uploads\/2024\/07\/intro3-fertig-1-mk39x42XN4Fx26pv.mp4?_=1\" \/><a href=\"https:\/\/cleanfine.de\/wp-content\/uploads\/2024\/07\/intro3-fertig-1-mk39x42XN4Fx26pv.mp4\">https:\/\/cleanfine.de\/wp-content\/uploads\/2024\/07\/intro3-fertig-1-mk39x42XN4Fx26pv.mp4<\/a><\/video><\/div>\n<p><\/p>\n<p><!-- \/wp:group --><\/p>\t\t\t\t\t\t\t\t<\/div>\n\t\t\t\t<\/div>\n\t\t\t\t\t<\/div>\n\t\t<\/div>\n\t\t\t\t\t<\/div>\n\t\t<\/section>\n\t\t\t\t<\/div>\n\t\t","protected":false},"excerpt":{"rendered":"<p>Unser Unternehmen Cleanfine Seit 2022 Gegr\u00fcndet haben wir unsere kleine Reinigungsfirma im Mai 2022. Wir besch\u00e4ftigen uns mit der Reinigung von Privat- und Firmengeb\u00e4uden. Unser Stundenlohn betr\u00e4gt 22 Euro. \u00a0Zus\u00e4tzlich verlangen wir f\u00fcr unsere hochwertigen Reinigungsmittel 5 Euro pro Einsatz und f\u00fcr die Jemako-Produkte 8 Euro pro Einsatz.\u00a0 Zudem bieten wir eine Bauendreinigung f\u00fcr 27&hellip;<\/p>\n","protected":false},"author":1,"featured_media":0,"parent":0,"menu_order":0,"comment_status":"closed","ping_status":"closed","template":"","meta":{"footnotes":""},"class_list":["post-11","page","type-page","status-publish","hentry"],"_links":{"self":[{"href":"https:\/\/cleanfine.de\/index.php\/wp-json\/wp\/v2\/pages\/11","targetHints":{"allow":["GET"]}}],"collection":[{"href":"https:\/\/cleanfine.de\/index.php\/wp-json\/wp\/v2\/pages"}],"about":[{"href":"https:\/\/cleanfine.de\/index.php\/wp-json\/wp\/v2\/types\/page"}],"author":[{"embeddable":true,"href":"https:\/\/cleanfine.de\/index.php\/wp-json\/wp\/v2\/users\/1"}],"replies":[{"embeddable":true,"href":"https:\/\/cleanfine.de\/index.php\/wp-json\/wp\/v2\/comments?post=11"}],"version-history":[{"count":182,"href":"https:\/\/cleanfine.de\/index.php\/wp-json\/wp\/v2\/pages\/11\/revisions"}],"predecessor-version":[{"id":1849,"href":"https:\/\/cleanfine.de\/index.php\/wp-json\/wp\/v2\/pages\/11\/revisions\/1849"}],"wp:attachment":[{"href":"https:\/\/cleanfine.de\/index.php\/wp-json\/wp\/v2\/media?parent=11"}],"curies":[{"name":"wp","href":"https:\/\/api.w.org\/{rel}","templated":true}]}}